{"id":30,"date":"2021-09-28T20:05:52","date_gmt":"2021-09-28T23:05:52","guid":{"rendered":"https:\/\/seniorlifehome.com.br\/?page_id=30"},"modified":"2022-08-24T11:49:40","modified_gmt":"2022-08-24T14:49:40","slug":"servicos","status":"publish","type":"page","link":"https:\/\/seniorlifehome.com.br\/seniorlife\/servicos\/","title":{"rendered":"Servi\u00e7os"},"content":{"rendered":"\t<section class=\"section\" id=\"section_879582797\">\n\t\t<div class=\"bg section-bg fill bg-fill bg-loaded bg-loaded\" >\n\n\t\t\t\n\t\t\t<div class=\"section-bg-overlay absolute fill\"><\/div>\n\t\t\t\n\n\t\t<\/div>\n\n\t\t\n\n\t\t<div class=\"section-content relative\">\n\t\t\t\n<div class=\"row row-large align-middle\"  id=\"row-1003428453\">\n\n\t<div id=\"col-2073577647\" class=\"col medium-6 small-12 large-6\"  >\n\t\t\t\t<div class=\"col-inner box-shadow-3\"  >\n\t\t\t\n\t\t\t\n\t<div class=\"img has-hover x md-x lg-x y md-y lg-y\" id=\"image_1479314831\">\n\t\t\t\t\t\t\t\t<div class=\"img-inner box-shadow-5-hover dark\" >\n\t\t\t<img fetchpriority=\"high\" decoding=\"async\" width=\"1020\" height=\"680\" src=\"https:\/\/seniorlifehome.com.br\/seniorlife\/wp-content\/uploads\/2021\/09\/Design-sem-nome-2021-09-28T235458.714-1200x800.jpg\" class=\"attachment-large size-large\" alt=\"\" srcset=\"https:\/\/seniorlifehome.com.br\/seniorlife\/wp-content\/uploads\/2021\/09\/Design-sem-nome-2021-09-28T235458.714-1200x800.jpg 1200w, https:\/\/seniorlifehome.com.br\/seniorlife\/wp-content\/uploads\/2021\/09\/Design-sem-nome-2021-09-28T235458.714-600x400.jpg 600w, https:\/\/seniorlifehome.com.br\/seniorlife\/wp-content\/uploads\/2021\/09\/Design-sem-nome-2021-09-28T235458.714-768x512.jpg 768w, https:\/\/seniorlifehome.com.br\/seniorlife\/wp-content\/uploads\/2021\/09\/Design-sem-nome-2021-09-28T235458.714-1536x1024.jpg 1536w, https:\/\/seniorlifehome.com.br\/seniorlife\/wp-content\/uploads\/2021\/09\/Design-sem-nome-2021-09-28T235458.714.jpg 1920w\" sizes=\"(max-width: 1020px) 100vw, 1020px\" \/>\t\t\t\t\t\t\n\t\t\t\t\t<\/div>\n\t\t\t\t\t\t\t\t\n<style>\n#image_1479314831 {\n  width: 100%;\n}\n<\/style>\n\t<\/div>\n\t\n\t\t<\/div>\n\t\t\t\t\t<\/div>\n\n\t\n\n\t<div id=\"col-159126064\" class=\"col medium-6 small-12 large-6\"  >\n\t\t\t\t<div class=\"col-inner text-left\"  >\n\t\t\t\n\t\t\t\n<h1><strong>Home Care<\/strong><\/h1>\n<p>O acompanhamento domiciliar oferecido pela S\u00eanior Life \u00e9 humanizado e voltado \u00e0s necessidades de cada paciente, reduzindo o tempo de atendimento e dos custos com deslocamento, proporcionando melhor qualidade de vida ao paciente e seus familiares, el\u00e9m de resultar numa consider\u00e1vel redu\u00e7\u00e3o do risco de infec\u00e7\u00f5es hospitalares.<\/p>\n<a href=\"https:\/\/api.whatsapp.com\/send?phone=5521998372150&#038;text=Ol%C3%A1%20Time%20S%C3%AAnior%20Life!%20Estou%20navegando%20no%20site%20e%20me%20surgiu%20uma%20d%C3%BAvida.%20Podem%20me%20ajudar%3F\" target=\"_self\" class=\"button primary is-outline\"  >\n    <span>FALAR COM UM CONSULTOR<\/span>\n  <\/a>\n\n\t\t<\/div>\n\t\t\t\t\t<\/div>\n\n\t\n<\/div>\n\t\t<\/div>\n\n\t\t\n<style>\n#section_879582797 {\n  padding-top: 60px;\n  padding-bottom: 60px;\n  background-color: rgb(193, 193, 193);\n}\n#section_879582797 .section-bg-overlay {\n  background-color: rgba(255, 255, 255, 0.85);\n}\n#section_879582797 .ux-shape-divider--top svg {\n  height: 150px;\n  --divider-top-width: 100%;\n}\n#section_879582797 .ux-shape-divider--bottom svg {\n  height: 150px;\n  --divider-width: 100%;\n}\n<\/style>\n\t<\/section>\n\t\n\t<section class=\"section\" id=\"section_13292279\">\n\t\t<div class=\"bg section-bg fill bg-fill bg-loaded bg-loaded\" >\n\n\t\t\t\n\t\t\t\n\t\t\t\n\t<div class=\"is-border\"\n\t\tstyle=\"border-color:rgb(235, 235, 235);border-width:1px 0px 0px 0px;\">\n\t<\/div>\n\n\t\t<\/div>\n\n\t\t\n\n\t\t<div class=\"section-content relative\">\n\t\t\t\n<div class=\"row row-large align-middle align-center\"  id=\"row-348282522\">\n\n\t<div id=\"col-1698683520\" class=\"col medium-6 small-12 large-6\"  >\n\t\t\t\t<div class=\"col-inner text-left\"  >\n\t\t\t\n\t\t\t\n\t<div id=\"text-103514844\" class=\"text\">\n\t\t\n<h1><strong>Desospitaliza\u00e7\u00e3o<\/strong><\/h1>\n<p>Neste momento t\u00e3o importante e delicado, \u00e9 fundamental a presen\u00e7a de um profissional de sa\u00fade, pois o paciente esta clinicamente est\u00e1vel e necessita completar seu tratamento sob supervis\u00e3o m\u00e9dica e de enfermagem, por exemplo, desmame de ventila\u00e7\u00e3o mec\u00e2nica, desmame de terapia nutricional industrializada, realiza\u00e7\u00e3o de terapia injet\u00e1vel, realiza\u00e7\u00e3o de curativos complexos, treinamento do paciente ou do cuidador frente \u00e0s suas novas condi\u00e7\u00f5es, limita\u00e7\u00f5es e necessidades cl\u00ednicas<\/p>\n\t\t\n<style>\n#text-103514844 {\n  text-align: left;\n}\n<\/style>\n\t<\/div>\n\t\n<a href=\"https:\/\/api.whatsapp.com\/send?phone=5521998372150&#038;text=Ol%C3%A1%20Time%20S%C3%AAnior%20Life!%20Estou%20navegando%20no%20site%20e%20me%20surgiu%20uma%20d%C3%BAvida.%20Podem%20me%20ajudar%3F\" target=\"_self\" class=\"button primary\"  >\n    <span>falar com um consultor<\/span>\n  <\/a>\n\n\t\t<\/div>\n\t\t\t\t\n<style>\n#col-1698683520 > .col-inner {\n  margin: 0px 20px 0px 20px;\n}\n<\/style>\n\t<\/div>\n\n\t\n\n\t<div id=\"col-907070275\" class=\"col medium-6 small-12 large-6\"  >\n\t\t\t\t<div class=\"col-inner box-shadow-3 box-shadow-5-hover\" style=\"background-color:rgb(255, 255, 255);\" >\n\t\t\t\n\t\t\t\n\t<div class=\"img has-hover x md-x lg-x y md-y lg-y\" id=\"image_1327114986\">\n\t\t\t\t\t\t\t\t<div class=\"img-inner dark\" >\n\t\t\t<img decoding=\"async\" width=\"1020\" height=\"680\" src=\"https:\/\/seniorlifehome.com.br\/seniorlife\/wp-content\/uploads\/2021\/09\/Design-sem-nome-2021-09-28T235659.856-1200x800.jpg\" class=\"attachment-large size-large\" alt=\"\" srcset=\"https:\/\/seniorlifehome.com.br\/seniorlife\/wp-content\/uploads\/2021\/09\/Design-sem-nome-2021-09-28T235659.856-1200x800.jpg 1200w, https:\/\/seniorlifehome.com.br\/seniorlife\/wp-content\/uploads\/2021\/09\/Design-sem-nome-2021-09-28T235659.856-600x400.jpg 600w, https:\/\/seniorlifehome.com.br\/seniorlife\/wp-content\/uploads\/2021\/09\/Design-sem-nome-2021-09-28T235659.856-768x512.jpg 768w, https:\/\/seniorlifehome.com.br\/seniorlife\/wp-content\/uploads\/2021\/09\/Design-sem-nome-2021-09-28T235659.856-1536x1024.jpg 1536w, https:\/\/seniorlifehome.com.br\/seniorlife\/wp-content\/uploads\/2021\/09\/Design-sem-nome-2021-09-28T235659.856.jpg 1920w\" sizes=\"(max-width: 1020px) 100vw, 1020px\" \/>\t\t\t\t\t\t\n\t\t\t\t\t<\/div>\n\t\t\t\t\t\t\t\t\n<style>\n#image_1327114986 {\n  width: 100%;\n}\n<\/style>\n\t<\/div>\n\t\n\t\t<\/div>\n\t\t\t\t\t<\/div>\n\n\t\n<\/div>\n\t\t<\/div>\n\n\t\t\n<style>\n#section_13292279 {\n  padding-top: 59px;\n  padding-bottom: 59px;\n  min-height: 300px;\n  background-color: rgb(228, 228, 228);\n}\n#section_13292279 .ux-shape-divider--top svg {\n  height: 150px;\n  --divider-top-width: 100%;\n}\n#section_13292279 .ux-shape-divider--bottom svg {\n  height: 150px;\n  --divider-width: 100%;\n}\n<\/style>\n\t<\/section>\n\t\n\t<section class=\"section\" id=\"section_496220686\">\n\t\t<div class=\"bg section-bg fill bg-fill bg-loaded bg-loaded\" >\n\n\t\t\t\n\t\t\t<div class=\"section-bg-overlay absolute fill\"><\/div>\n\t\t\t\n\n\t\t<\/div>\n\n\t\t\n\n\t\t<div class=\"section-content relative\">\n\t\t\t\n<div class=\"row row-large align-middle\"  id=\"row-654928155\">\n\n\t<div id=\"col-1079595760\" class=\"col medium-6 small-12 large-6\"  >\n\t\t\t\t<div class=\"col-inner box-shadow-3\"  >\n\t\t\t\n\t\t\t\n\t<div class=\"img has-hover x md-x lg-x y md-y lg-y\" id=\"image_1512142697\">\n\t\t\t\t\t\t\t\t<div class=\"img-inner box-shadow-5-hover dark\" >\n\t\t\t<img decoding=\"async\" width=\"1024\" height=\"858\" src=\"https:\/\/seniorlifehome.com.br\/seniorlife\/wp-content\/uploads\/2022\/08\/beneficios-da-laserterapia-1024x858-1.jpeg\" class=\"attachment-original size-original\" alt=\"\" srcset=\"https:\/\/seniorlifehome.com.br\/seniorlife\/wp-content\/uploads\/2022\/08\/beneficios-da-laserterapia-1024x858-1.jpeg 1024w, https:\/\/seniorlifehome.com.br\/seniorlife\/wp-content\/uploads\/2022\/08\/beneficios-da-laserterapia-1024x858-1-477x400.jpeg 477w, https:\/\/seniorlifehome.com.br\/seniorlife\/wp-content\/uploads\/2022\/08\/beneficios-da-laserterapia-1024x858-1-955x800.jpeg 955w, https:\/\/seniorlifehome.com.br\/seniorlife\/wp-content\/uploads\/2022\/08\/beneficios-da-laserterapia-1024x858-1-768x644.jpeg 768w\" sizes=\"(max-width: 1024px) 100vw, 1024px\" \/>\t\t\t\t\t\t\n\t\t\t\t\t<\/div>\n\t\t\t\t\t\t\t\t\n<style>\n#image_1512142697 {\n  width: 100%;\n}\n<\/style>\n\t<\/div>\n\t\n\t\t<\/div>\n\t\t\t\t\t<\/div>\n\n\t\n\n\t<div id=\"col-103791942\" class=\"col medium-6 small-12 large-6\"  >\n\t\t\t\t<div class=\"col-inner text-left\"  >\n\t\t\t\n\t\t\t\n<h1><strong>Laserterapia<\/strong><\/h1>\n<p>O Laser de baixa intensidade tem sido utilizado como coadjuvantes no tratamento de feridas com a\u00e7\u00f5es de acelera\u00e7\u00e3o da repara\u00e7\u00e3o tecidual, ou seja, acelera o processo de cicatriza\u00e7\u00e3o da pele, efeitos antiinflamat\u00f3rios, efeitos de melhora da dor, efeitos antimicrobianos quando associado a subst\u00e2ncias, como o azul de metileno, conhe\u00e7a mais sobre os benef\u00edcios da laserterapia.<\/p>\n<a href=\"https:\/\/seniorlifehome.com.br\/seniorlife\/laserterapia\/\" target=\"_self\" class=\"button primary is-outline\"  >\n    <span>saiba mais<\/span>\n  <\/a>\n\n\t\t<\/div>\n\t\t\t\t\t<\/div>\n\n\t\n<\/div>\n\t\t<\/div>\n\n\t\t\n<style>\n#section_496220686 {\n  padding-top: 60px;\n  padding-bottom: 60px;\n  background-color: rgb(193, 193, 193);\n}\n#section_496220686 .section-bg-overlay {\n  background-color: rgba(255, 255, 255, 0.85);\n}\n#section_496220686 .ux-shape-divider--top svg {\n  height: 150px;\n  --divider-top-width: 100%;\n}\n#section_496220686 .ux-shape-divider--bottom svg {\n  height: 150px;\n  --divider-width: 100%;\n}\n<\/style>\n\t<\/section>\n\t\n\t<section class=\"section\" id=\"section_124596017\">\n\t\t<div class=\"bg section-bg fill bg-fill bg-loaded bg-loaded\" >\n\n\t\t\t\n\t\t\t\n\t\t\t\n\n\t\t<\/div>\n\n\t\t\n\n\t\t<div class=\"section-content relative\">\n\t\t\t\n<div class=\"row\"  id=\"row-503239646\">\n\n\t<div id=\"col-188778131\" class=\"col small-12 large-12\"  >\n\t\t\t\t<div class=\"col-inner text-center\"  >\n\t\t\t\n\t\t\t\n<h2>Nossos Planos<\/h2>\n\t\t<\/div>\n\t\t\t\t\t<\/div>\n\n\t\n<\/div>\n<div class=\"row align-equal align-center\"  id=\"row-569693928\">\n\n\t<div id=\"col-1508522322\" class=\"col medium-8 small-12 large-4\"  >\n\t\t\t\t<div class=\"col-inner text-left box-shadow-3\"  >\n\t\t\t\n\t\t\t\n<h2>Baixa Complexidade<\/h2>\n<p>Indicado para patologias que necessitam de cuidados e tratamentos cont\u00ednuos, restrito ou semi restrito como banho, leito, les\u00f5es, alimenta\u00e7\u00f5es via oral entre outros<\/p>\n<div class=\"is-divider divider clearfix\" style=\"margin-top:5px;margin-bottom:5px;max-width:100%;height:2px;background-color:rgb(111, 166, 212);\"><\/div>\n\t<div id=\"gap-2059296133\" class=\"gap-element clearfix\" style=\"display:block; height:auto;\">\n\t\t\n<style>\n#gap-2059296133 {\n  padding-top: 10px;\n}\n<\/style>\n\t<\/div>\n\t\n<ul>\n<li class=\"bullet-checkmark\">Oxig\u00eanio<\/li>\n<li class=\"bullet-checkmark\">Curativos Especiais<\/li>\n<li class=\"bullet-checkmark\">Fraldas<\/li>\n<li class=\"bullet-checkmark\">Dietas Especiais<\/li>\n<li class=\"bullet-checkmark\">E muito mais&#8230;<\/li>\n<\/ul>\n<div class=\"is-divider divider clearfix\" style=\"margin-top:5px;margin-bottom:5px;max-width:100%;height:2px;background-color:rgb(111, 166, 212);\"><\/div>\n<a href=\"https:\/\/seniorlifehome.com.br\/seniorlife\/solicitacao-de-contato\/\" target=\"_self\" class=\"button primary expand\"  style=\"border-radius:99px;\">\n    <span>QUERO UM OR\u00c7AMENTO<\/span>\n  <\/a>\n\n\t\t<\/div>\n\t\t\t\t\n<style>\n#col-1508522322 > .col-inner {\n  border-radius: 15px;\n}\n<\/style>\n\t<\/div>\n\n\t\n\n\t<div id=\"col-1749405741\" class=\"col medium-8 small-12 large-4\"  >\n\t\t\t\t<div class=\"col-inner text-left box-shadow-3\"  >\n\t\t\t\n\t\t\t\n<h2>M\u00e9dia Complexidade<\/h2>\n<p>Enfermagem Domiciliar. Indicado para casos que necessitem de cuidado especializado como pacientes pedi\u00e1tricos, acamados e doen\u00e7as graves em idosos.<\/p>\n<div class=\"is-divider divider clearfix\" style=\"margin-top:5px;margin-bottom:5px;max-width:100%;height:2px;background-color:rgb(111, 166, 212);\"><\/div>\n\t<div id=\"gap-1217685076\" class=\"gap-element clearfix\" style=\"display:block; height:auto;\">\n\t\t\n<style>\n#gap-1217685076 {\n  padding-top: 10px;\n}\n<\/style>\n\t<\/div>\n\t\n<ul>\n<li class=\"bullet-checkmark\">Atendimento Personalizado<\/li>\n<li class=\"bullet-checkmark\">Pacientes Pedi\u00e1tricos<\/li>\n<li class=\"bullet-checkmark\">Profissionais Especializados<\/li>\n<li class=\"bullet-checkmark\">Assist\u00eancia a acamados<\/li>\n<li class=\"bullet-checkmark\">Acompanhamento Exclusivo<\/li>\n<\/ul>\n<div class=\"is-divider divider clearfix\" style=\"margin-top:5px;margin-bottom:5px;max-width:100%;height:2px;background-color:rgb(111, 166, 212);\"><\/div>\n<a href=\"https:\/\/seniorlifehome.com.br\/seniorlife\/solicitacao-de-contato\/\" target=\"_self\" class=\"button primary expand\"  style=\"border-radius:99px;\">\n    <span>QUERO UM OR\u00c7AMENTO<\/span>\n  <\/a>\n\n\t\t<\/div>\n\t\t\t\t\n<style>\n#col-1749405741 > .col-inner {\n  border-radius: 15px;\n}\n<\/style>\n\t<\/div>\n\n\t\n\n\t<div id=\"col-1837539469\" class=\"col medium-8 small-12 large-4\"  >\n\t\t\t\t<div class=\"col-inner text-left box-shadow-3\"  >\n\t\t\t\n\t\t\t\n<h2>Planos Personalizados<\/h2>\n<p><span style=\"font-size: 90%;\">Montamos o plano perfeito para suas necessidades. Um infermeiro credenciado pelo org\u00e3o competente ir\u00e1 avaliar a situa\u00e7\u00e3o e montar o plano ideal \u00e0 sua necessidade.<\/span><\/p>\n<div class=\"is-divider divider clearfix\" style=\"margin-top:5px;margin-bottom:5px;max-width:100%;height:2px;background-color:rgb(111, 166, 212);\"><\/div>\n\t<div id=\"gap-1668065090\" class=\"gap-element clearfix\" style=\"display:block; height:auto;\">\n\t\t\n<style>\n#gap-1668065090 {\n  padding-top: 10px;\n}\n<\/style>\n\t<\/div>\n\t\n<ul>\n<li class=\"bullet-checkmark\">Fisioterapia<\/li>\n<li class=\"bullet-checkmark\">Nutri\u00e7\u00e3o<\/li>\n<li class=\"bullet-checkmark\">Fonoaudiologia<\/li>\n<li class=\"bullet-checkmark\">Terapia Funcional<\/li>\n<li class=\"bullet-checkmark\">Visitas M\u00e9dicas<\/li>\n<\/ul>\n<div class=\"is-divider divider clearfix\" style=\"margin-top:5px;margin-bottom:5px;max-width:100%;height:2px;background-color:rgb(111, 166, 212);\"><\/div>\n<a href=\"https:\/\/seniorlifehome.com.br\/seniorlife\/solicitacao-de-contato\/\" target=\"_self\" class=\"button primary expand\"  style=\"border-radius:99px;\">\n    <span>QUERO UM OR\u00c7AMENTO<\/span>\n  <\/a>\n\n\t\t<\/div>\n\t\t\t\t\n<style>\n#col-1837539469 > .col-inner {\n  border-radius: 15px;\n}\n<\/style>\n\t<\/div>\n\n\t\n\n<style>\n#row-569693928 > .col > .col-inner {\n  padding: 30px 30px 30px 30px;\n  background-color: rgb(255,255,255);\n}\n<\/style>\n<\/div>\n\t\t<\/div>\n\n\t\t\n<style>\n#section_124596017 {\n  padding-top: 60px;\n  padding-bottom: 60px;\n  background-color: rgb(245, 247, 251);\n}\n#section_124596017 .ux-shape-divider--top svg {\n  height: 150px;\n  --divider-top-width: 100%;\n}\n#section_124596017 .ux-shape-divider--bottom svg {\n  height: 150px;\n  --divider-width: 100%;\n}\n<\/style>\n\t<\/section>\n\t\n","protected":false},"excerpt":{"rendered":"","protected":false},"author":1,"featured_media":0,"parent":0,"menu_order":0,"comment_status":"closed","ping_status":"closed","template":"page-blank.php","meta":{"_joinchat":[],"footnotes":""},"class_list":["post-30","page","type-page","status-publish","hentry"],"_links":{"self":[{"href":"https:\/\/seniorlifehome.com.br\/seniorlife\/wp-json\/wp\/v2\/pages\/30","targetHints":{"allow":["GET"]}}],"collection":[{"href":"https:\/\/seniorlifehome.com.br\/seniorlife\/wp-json\/wp\/v2\/pages"}],"about":[{"href":"https:\/\/seniorlifehome.com.br\/seniorlife\/wp-json\/wp\/v2\/types\/page"}],"author":[{"embeddable":true,"href":"https:\/\/seniorlifehome.com.br\/seniorlife\/wp-json\/wp\/v2\/users\/1"}],"replies":[{"embeddable":true,"href":"https:\/\/seniorlifehome.com.br\/seniorlife\/wp-json\/wp\/v2\/comments?post=30"}],"version-history":[{"count":12,"href":"https:\/\/seniorlifehome.com.br\/seniorlife\/wp-json\/wp\/v2\/pages\/30\/revisions"}],"predecessor-version":[{"id":231,"href":"https:\/\/seniorlifehome.com.br\/seniorlife\/wp-json\/wp\/v2\/pages\/30\/revisions\/231"}],"wp:attachment":[{"href":"https:\/\/seniorlifehome.com.br\/seniorlife\/wp-json\/wp\/v2\/media?parent=30"}],"curies":[{"name":"wp","href":"https:\/\/api.w.org\/{rel}","templated":true}]}}